{"id":22017,"date":"2018-10-08T14:21:44","date_gmt":"2018-10-08T12:21:44","guid":{"rendered":"https:\/\/simply-job.de\/?page_id=22017"},"modified":"2018-10-09T10:02:21","modified_gmt":"2018-10-09T08:02:21","slug":"simply-job","status":"publish","type":"page","link":"https:\/\/simply-job.de\/pl\/simply-job\/","title":{"rendered":"Simply Job"},"content":{"rendered":"<div class=\"wpb-content-wrapper\"><p>[vc_row row_type=&#8221;row&#8221; use_row_as_full_screen_section=&#8221;no&#8221; type=&#8221;full_width&#8221; text_align=&#8221;left&#8221; background_animation=&#8221;none&#8221; css_animation=&#8221;&#8221;][vc_column][rev_slider_vc alias=&#8221;o-nas&#8221;][\/vc_column][\/vc_row][vc_row row_type=&#8221;row&#8221; use_row_as_full_screen_section=&#8221;no&#8221; type=&#8221;full_width&#8221; text_align=&#8221;left&#8221; background_animation=&#8221;none&#8221; css_animation=&#8221;&#8221; css=&#8221;.vc_custom_1535362419309{padding-bottom: 5% !important;}&#8221;][vc_column css_animation=&#8221;bounceInLeft&#8221; width=&#8221;1\/2&#8243; el_class=&#8221;sectoin-01&#8243;][qode_elements_holder number_of_columns=&#8221;one_column&#8221;][qode_elements_holder_item item_padding=&#8221;0% 0% 0% 10%&#8221; item_padding_600_768=&#8221;0% 6% 0% 6%&#8221; item_padding_480_600=&#8221;0% 6% 0% 6%&#8221; item_padding_480=&#8221;0% 6% 0% 6%&#8221;][vc_column_text]<\/p>\n<h2>Simply Job &#8211; Twoja agencja<br \/>\npo\u015brednictwa pracy<\/h2>\n<p>[\/vc_column_text][\/qode_elements_holder_item][\/qode_elements_holder][qode_elements_holder number_of_columns=&#8221;one_column&#8221;][qode_elements_holder_item item_padding=&#8221;18.5% 0% 0% 0%&#8221;][\/qode_elements_holder_item][\/qode_elements_holder][qode_elements_holder number_of_columns=&#8221;one_column&#8221;][qode_elements_holder_item item_padding=&#8221;0% 0% 0% 10%&#8221; item_padding_600_768=&#8221;0% 6% 0% 6%&#8221; item_padding_480_600=&#8221;0% 6% 0% 6%&#8221; item_padding_480=&#8221;0% 6% 0% 6%&#8221;][vc_row_inner row_type=&#8221;row&#8221; type=&#8221;full_width&#8221; use_row_as_full_screen_section_slide=&#8221;no&#8221; text_align=&#8221;left&#8221; css_animation=&#8221;&#8221; css=&#8221;.vc_custom_1535363945012{padding-bottom: 10% !important;}&#8221;][vc_column_inner width=&#8221;1\/3&#8243;][\/vc_column_inner][vc_column_inner width=&#8221;2\/3&#8243;][vc_column_text]<\/p>\n<h3>Ponad<\/h3>\n<p>[\/vc_column_text]<div class=\"q_counter_holder  left\" style=\"\"><span class=\"counter  random\" style=\"color: #000000;font-size: 140px;font-weight: 900;\">5.000<\/span><\/div>[vc_column_text]<\/p>\n<h3>potencjalnych pracownik\u00f3w<\/h3>\n<p>[\/vc_column_text][\/vc_column_inner][\/vc_row_inner][\/qode_elements_holder_item][\/qode_elements_holder][\/vc_column][vc_column width=&#8221;1\/2&#8243;][qode_elements_holder number_of_columns=&#8221;one_column&#8221;][qode_elements_holder_item item_padding=&#8221;10% 23% 0% 0%&#8221; item_padding_600_768=&#8221;0% 6% 0% 6%&#8221; item_padding_480_600=&#8221;0% 6% 0% 6%&#8221; item_padding_480=&#8221;0% 6% 0% 6%&#8221;][vc_column_text]Oferujemy naszym klientom wykwalifikowany personel, gotowy do podj\u0119cia pracy w przemy\u015ble, produkcji, logistyce i sektorze administracyjno-biurowym.<\/p>\n<p>&nbsp;<\/p>\n<p>Rekrutacja i tymczasowe zatrudnienie wykwalifikowanych pracownik\u00f3w to nasz g\u0142\u00f3wny cel.<\/p>\n<p>&nbsp;<\/p>\n<p>Nasz do\u015bwiadczony zesp\u00f3\u0142 pomo\u017ce Ci w znalezieniu odpowiedniej pracy i odpowiedniego pracownika. Przywi\u0105zujemy ogromn\u0105 wag\u0119 do potrzeb naszych pracownik\u00f3w, a tak\u017ce wymaga\u0144 naszych klient\u00f3w. Wzajemna satysfakcja z efeket\u00f3w jest podstaw\u0105 udanej wsp\u00f3\u0142pracy.[\/vc_column_text][vc_empty_space height=&#8221;60px&#8221;][vc_row_inner row_type=&#8221;row&#8221; type=&#8221;full_width&#8221; use_row_as_full_screen_section_slide=&#8221;no&#8221; text_align=&#8221;left&#8221; css_animation=&#8221;&#8221;][vc_column_inner width=&#8221;1\/3&#8243; css=&#8221;.vc_custom_1535363971449{padding-bottom: 10% !important;}&#8221;][vc_empty_space][vc_column_text css=&#8221;.vc_custom_1535717831263{border-top-width: 1px !important;border-right-width: 1px !important;border-bottom-width: 1px !important;border-left-width: 1px !important;padding-top: 38px !important;padding-bottom: 38px !important;border-left-color: #000000 !important;border-left-style: solid !important;border-right-color: #000000 !important;border-right-style: solid !important;border-top-color: #000000 !important;border-top-style: solid !important;border-bottom-color: #000000 !important;border-bottom-style: solid !important;}&#8221;]<\/p>\n<p style=\"text-align: center;\"><span class=\"count\">10<\/span><\/p>\n<p>[\/vc_column_text][vc_empty_space height=&#8221;15px&#8221;][vc_column_text el_class=&#8221;text-02a&#8221;]<\/p>\n<p style=\"text-align: center;\"><strong>lat<br \/>\ndo\u015bwiadczenia<\/strong><\/p>\n<p>[\/vc_column_text][\/vc_column_inner][vc_column_inner width=&#8221;1\/3&#8243; css=&#8221;.vc_custom_1535363976855{padding-bottom: 10% !important;}&#8221;][vc_empty_space][vc_column_text css=&#8221;.vc_custom_1535717837937{border-top-width: 1px !important;border-right-width: 1px !important;border-bottom-width: 1px !important;border-left-width: 1px !important;padding-top: 38px !important;padding-bottom: 38px !important;border-left-color: #000000 !important;border-left-style: solid !important;border-right-color: #000000 !important;border-right-style: solid !important;border-top-color: #000000 !important;border-top-style: solid !important;border-bottom-color: #000000 !important;border-bottom-style: solid !important;}&#8221;]<\/p>\n<p style=\"text-align: center;\"><span class=\"count\">2<\/span><\/p>\n<p>[\/vc_column_text][vc_empty_space height=&#8221;15px&#8221;][vc_column_text el_class=&#8221;text-02a&#8221;]<\/p>\n<p style=\"text-align: center;\"><strong>lokalizacje<\/strong><\/p>\n<p>[\/vc_column_text][\/vc_column_inner][vc_column_inner el_class=&#8221;czarny&#8221; width=&#8221;1\/3&#8243; css=&#8221;.vc_custom_1535363981539{padding-bottom: 10% !important;}&#8221;][vc_empty_space][vc_column_text css=&#8221;.vc_custom_1535717844501{border-top-width: 1px !important;border-right-width: 1px !important;border-bottom-width: 1px !important;border-left-width: 1px !important;padding-top: 38px !important;padding-bottom: 38px !important;background-color: #000000 !important;border-left-color: #000000 !important;border-left-style: solid !important;border-right-color: #000000 !important;border-right-style: solid !important;border-top-color: #000000 !important;border-top-style: solid !important;border-bottom-color: #000000 !important;border-bottom-style: solid !important;}&#8221;]<\/p>\n<p style=\"text-align: center;\"><span class=\"count1\">95<\/span><\/p>\n<p>[\/vc_column_text][vc_empty_space height=&#8221;15px&#8221;][vc_column_text el_class=&#8221;text-02a&#8221;]<\/p>\n<p style=\"text-align: center;\"><strong>% zadowolonych<br \/>\nklient\u00f3w <\/strong><\/p>\n<p>[\/vc_column_text][\/vc_column_inner][\/vc_row_inner][\/qode_elements_holder_item][\/qode_elements_holder][\/vc_column][\/vc_row][vc_row row_type=&#8221;row&#8221; use_row_as_full_screen_section=&#8221;no&#8221; type=&#8221;full_width&#8221; text_align=&#8221;left&#8221; background_animation=&#8221;none&#8221; css_animation=&#8221;&#8221; css=&#8221;.vc_custom_1535366147872{padding-top: 5% !important;padding-bottom: 8% !important;background-color: #ebeaea !important;}&#8221;][vc_column css_animation=&#8221;fadeInLeftBig&#8221; width=&#8221;1\/2&#8243;][qode_elements_holder number_of_columns=&#8221;one_column&#8221;][qode_elements_holder_item item_padding=&#8221;0% 33% 0% 10%&#8221; item_padding_600_768=&#8221;0% 6% 0% 6%&#8221; item_padding_480_600=&#8221;0% 6% 0% 6%&#8221; item_padding_480=&#8221;0% 6% 0% 6%&#8221;][vc_column_text]<\/p>\n<h3>Ka\u017cdego dnia<br \/>\njeste\u015bmy bli\u017cej doskona\u0142o\u015bci<\/h3>\n<p>[\/vc_column_text][vc_single_image image=&#8221;21622&#8243; img_size=&#8221;full&#8221; qode_css_animation=&#8221;&#8221;][vc_empty_space height=&#8221;120px&#8221;][vc_single_image image=&#8221;21745&#8243; img_size=&#8221;full&#8221; qode_css_animation=&#8221;&#8221;][vc_empty_space height=&#8221;25px&#8221;][vc_column_text]<\/p>\n<h3>Cele<\/h3>\n<p>&nbsp;<\/p>\n<p>&nbsp;<\/p>\n<p>Jako Agencja Pracy wspieramy Klient\u00f3w w przypadku niedobor\u00f3w personelu, pomagamy znale\u017a\u0107 optymalnego pracownika nawet w przypadku d\u0142ugoterminowych ofert pracy.<br \/>\nWsp\u00f3lnie osi\u0105gamy sukces!<br \/>\n[\/vc_column_text][\/qode_elements_holder_item][\/qode_elements_holder][\/vc_column][vc_column width=&#8221;1\/2&#8243;][qode_elements_holder number_of_columns=&#8221;one_column&#8221;][qode_elements_holder_item item_padding=&#8221;20% 0% 0% 0%&#8221;][\/qode_elements_holder_item][\/qode_elements_holder][qode_elements_holder number_of_columns=&#8221;one_column&#8221;][qode_elements_holder_item item_padding=&#8221;0% 21% 0% 3%&#8221; item_padding_600_768=&#8221;0% 6% 0% 6%&#8221; item_padding_480_600=&#8221;0% 6% 0% 6%&#8221; item_padding_480=&#8221;0% 6% 0% 6%&#8221;][vc_row_inner row_type=&#8221;row&#8221; type=&#8221;full_width&#8221; use_row_as_full_screen_section_slide=&#8221;no&#8221; text_align=&#8221;left&#8221; css_animation=&#8221;&#8221; css=&#8221;.vc_custom_1535365631220{padding: 10% !important;background-color: #ffffff !important;}&#8221;][vc_column_inner][vc_single_image image=&#8221;21755&#8243; img_size=&#8221;full&#8221; qode_css_animation=&#8221;&#8221;][vc_empty_space height=&#8221;25px&#8221;][vc_column_text]<\/p>\n<h3>Warto\u015bci<\/h3>\n<p>&nbsp;<\/p>\n<p>&nbsp;<\/p>\n<p>Dzi\u0119ki nam mo\u017cesz pozosta\u0107 elastyczny i szybko reagowa\u0107 na zmiany ekonomiczne bez zak\u0142\u00f3cania proces\u00f3w wewn\u0119trznych firmy.<br \/>\nOszcz\u0119dzamy Tw\u00f3j czas i minimalizujemy koszty!<br \/>\nDzi\u0119ki naszej profesjonalnej rekrutacji, umo\u017cliwiamy stabilne dzia\u0142anie firmy.<br \/>\n[\/vc_column_text][\/vc_column_inner][\/vc_row_inner][vc_single_image image=&#8221;21898&#8243; img_size=&#8221;full&#8221; qode_css_animation=&#8221;&#8221; el_class=&#8221;foto-023&#8243;][\/qode_elements_holder_item][\/qode_elements_holder][qode_elements_holder number_of_columns=&#8221;one_column&#8221;][qode_elements_holder_item item_padding=&#8221;25% 0% 0% 0%&#8221;][\/qode_elements_holder_item][\/qode_elements_holder][\/vc_column][\/vc_row][vc_row row_type=&#8221;row&#8221; use_row_as_full_screen_section=&#8221;no&#8221; type=&#8221;full_width&#8221; text_align=&#8221;left&#8221; background_animation=&#8221;none&#8221; css_animation=&#8221;&#8221; css=&#8221;.vc_custom_1535366690388{padding-top: 5% !important;}&#8221;][vc_column width=&#8221;1\/2&#8243;][qode_elements_holder number_of_columns=&#8221;one_column&#8221;][qode_elements_holder_item item_padding=&#8221;0% 33% 0% 10%&#8221; item_padding_600_768=&#8221;0% 6% 0% 6%&#8221; item_padding_480_600=&#8221;0% 6% 0% 6%&#8221; item_padding_480=&#8221;0% 6% 0% 6%&#8221;][vc_column_text]<\/p>\n<h3>Praca Simply Job&#8217;<br \/>\nw skr\u00f3cie<\/h3>\n<p>[\/vc_column_text][vc_single_image image=&#8221;21622&#8243; img_size=&#8221;full&#8221; qode_css_animation=&#8221;&#8221;][\/qode_elements_holder_item][\/qode_elements_holder][\/vc_column][vc_column width=&#8221;1\/2&#8243;][\/vc_column][\/vc_row][vc_row row_type=&#8221;row&#8221; use_row_as_full_screen_section=&#8221;no&#8221; type=&#8221;full_width&#8221; text_align=&#8221;left&#8221; background_animation=&#8221;none&#8221; css_animation=&#8221;&#8221; css=&#8221;.vc_custom_1535365973317{padding-top: 5% !important;padding-bottom: 5% !important;}&#8221;][vc_column width=&#8221;1\/2&#8243;][qode_elements_holder number_of_columns=&#8221;one_column&#8221;][qode_elements_holder_item item_padding=&#8221;0% 4% 0% 10%&#8221; item_padding_600_768=&#8221;15% 6% 0% 6%&#8221; item_padding_480_600=&#8221;15% 6% 0% 6%&#8221; item_padding_480=&#8221;15% 6% 0% 6%&#8221;][vc_single_image image=&#8221;21756&#8243; img_size=&#8221;full&#8221; qode_css_animation=&#8221;&#8221;][vc_empty_space height=&#8221;25px&#8221;][vc_column_text css=&#8221;.vc_custom_1539001254808{padding-right: 8% !important;}&#8221;]<\/p>\n<h3>Agencja Pracy tymczasowej<\/h3>\n<p>&nbsp;<\/p>\n<p>&nbsp;<\/p>\n<p>Jako Agencja Pracy Tymczasowej zapewniamy naszym klientom personel w ramach i na zasadach pracy tymczasowej.<\/p>\n<p>&nbsp;<\/p>\n<p>Wszyscy pracownicy, kt\u00f3rzy s\u0105 delegowani do naszych klient\u00f3w s\u0105 ubezpieczeni i zatrudnieni przez nas na czas nieograniczony.<\/p>\n<p>&nbsp;<\/p>\n<p>Dysponujemy wszystkimi certyfikatami i mi\u0119dzynarodowymi pozwoleniami dla Agencji Pracy Tymczasowej.[\/vc_column_text][\/qode_elements_holder_item][\/qode_elements_holder][\/vc_column][vc_column css_animation=&#8221;zoomIn&#8221; width=&#8221;1\/2&#8243;][qode_elements_holder number_of_columns=&#8221;one_column&#8221;][qode_elements_holder_item item_padding=&#8221;0% 21% 0% 2%&#8221; item_padding_600_768=&#8221;15% 6% 10% 6%&#8221; item_padding_480_600=&#8221;15% 6% 10% 6%&#8221; item_padding_480=&#8221;15% 6% 10% 6%&#8221;][vc_single_image image=&#8221;21757&#8243; img_size=&#8221;full&#8221; qode_css_animation=&#8221;&#8221;][vc_empty_space height=&#8221;25px&#8221;][vc_column_text]<\/p>\n<h3>Agencja rekrutacyjna<\/h3>\n<p>&nbsp;<\/p>\n<p>&nbsp;<\/p>\n<p>W ramach rekrutacji pomagamy naszym klientom znale\u017a\u0107 pracownika idealnego. Po otrzymaniu wymog\u00f3w dotycz\u0105cych danego stanowiska, zajmujemy si\u0119 ca\u0142ym procesem rekrutacji.<\/p>\n<p>&nbsp;<\/p>\n<p>W ramach rekrutacji pomagamy naszym klientom znale\u017a\u0107 pracownika idealnego. Po otrzymaniu wymog\u00f3w dotycz\u0105cych danego stanowiska, zajmujemy si\u0119 ca\u0142ym procesem rekrutacji.<\/p>\n<p>&nbsp;<\/p>\n<p>Ostatecznie decydujesz Ty, czy kandydat jest odpowiedni i czy dojdzie do podpisania z nim umowy o prac\u0119. Za nasze dzia\u0142ania wystawiamy faktur\u0119 Tylko wtedy, gdy dojdzie do podpisania umowy.[\/vc_column_text][\/qode_elements_holder_item][\/qode_elements_holder][\/vc_column][\/vc_row]<\/p>\n<\/div>","protected":false},"excerpt":{"rendered":"<p>[vc_row row_type=&#8221;row&#8221; use_row_as_full_screen_section=&#8221;no&#8221; type=&#8221;full_width&#8221; text_align=&#8221;left&#8221; background_animation=&#8221;none&#8221; css_animation=&#8221;&#8221;][vc_column][rev_slider_vc alias=&#8221;o-nas&#8221;][\/vc_column][\/vc_row][vc_row row_type=&#8221;row&#8221; use_row_as_full_screen_section=&#8221;no&#8221; type=&#8221;full_width&#8221; text_align=&#8221;left&#8221; background_animation=&#8221;none&#8221; css_animation=&#8221;&#8221; css=&#8221;.vc_custom_1535362419309{padding-bottom: 5% !important;}&#8221;][vc_column css_animation=&#8221;bounceInLeft&#8221; width=&#8221;1\/2&#8243; el_class=&#8221;sectoin-01&#8243;][qode_elements_holder number_of_columns=&#8221;one_column&#8221;][qode_elements_holder_item item_padding=&#8221;0% 0% 0% 10%&#8221; item_padding_600_768=&#8221;0% 6% 0% 6%&#8221; item_padding_480_600=&#8221;0% 6% 0% 6%&#8221; item_padding_480=&#8221;0% 6% 0% 6%&#8221;][vc_column_text] Simply Job &#8211; Twoja agencja po\u015brednictwa pracy [\/vc_column_text][\/qode_elements_holder_item][\/qode_elements_holder][qode_elements_holder&#8230;<\/p>\n","protected":false},"author":2,"featured_media":0,"parent":0,"menu_order":0,"comment_status":"closed","ping_status":"closed","template":"full_width.php","meta":{"footnotes":""},"class_list":["post-22017","page","type-page","status-publish","hentry"],"_links":{"self":[{"href":"https:\/\/simply-job.de\/pl\/wp-json\/wp\/v2\/pages\/22017","targetHints":{"allow":["GET"]}}],"collection":[{"href":"https:\/\/simply-job.de\/pl\/wp-json\/wp\/v2\/pages"}],"about":[{"href":"https:\/\/simply-job.de\/pl\/wp-json\/wp\/v2\/types\/page"}],"author":[{"embeddable":true,"href":"https:\/\/simply-job.de\/pl\/wp-json\/wp\/v2\/users\/2"}],"replies":[{"embeddable":true,"href":"https:\/\/simply-job.de\/pl\/wp-json\/wp\/v2\/comments?post=22017"}],"version-history":[{"count":0,"href":"https:\/\/simply-job.de\/pl\/wp-json\/wp\/v2\/pages\/22017\/revisions"}],"wp:attachment":[{"href":"https:\/\/simply-job.de\/pl\/wp-json\/wp\/v2\/media?parent=22017"}],"curies":[{"name":"wp","href":"https:\/\/api.w.org\/{rel}","templated":true}]}}