{"id":22015,"date":"2018-10-08T14:06:33","date_gmt":"2018-10-08T12:06:33","guid":{"rendered":"https:\/\/simply-job.de\/?page_id=22015"},"modified":"2018-10-09T10:28:03","modified_gmt":"2018-10-09T08:28:03","slug":"dla-pracownika","status":"publish","type":"page","link":"https:\/\/simply-job.de\/pl\/dla-pracownika\/","title":{"rendered":"Dla Pracownika"},"content":{"rendered":"<div class=\"wpb-content-wrapper\"><p>[vc_row row_type=&#8221;row&#8221; use_row_as_full_screen_section=&#8221;no&#8221; type=&#8221;full_width&#8221; text_align=&#8221;left&#8221; background_animation=&#8221;none&#8221; css_animation=&#8221;&#8221;][vc_column][rev_slider_vc alias=&#8221;dla-pracownikow&#8221;][\/vc_column][\/vc_row][vc_row row_type=&#8221;row&#8221; use_row_as_full_screen_section=&#8221;no&#8221; type=&#8221;grid&#8221; text_align=&#8221;left&#8221; background_animation=&#8221;none&#8221; css_animation=&#8221;&#8221;][vc_column width=&#8221;2\/3&#8243; el_class=&#8221;sectoin-01&#8243;][vc_column_text css=&#8221;.vc_custom_1535702988767{padding-top: 4% !important;padding-bottom: 4% !important;}&#8221;]<span class=\"forty\">48<\/span>[\/vc_column_text][vc_row_inner row_type=&#8221;row&#8221; type=&#8221;full_width&#8221; use_row_as_full_screen_section_slide=&#8221;no&#8221; text_align=&#8221;left&#8221; css_animation=&#8221;&#8221;][vc_column_inner el_class=&#8221;sectoin-02&#8243;][qode_elements_holder number_of_columns=&#8221;one_column&#8221;][qode_elements_holder_item item_padding=&#8221;0% 0% 0% 20%&#8221; item_padding_600_768=&#8221;0% 0% 0% 0%&#8221; item_padding_480_600=&#8221;0% 0% 0% 0%&#8221; item_padding_480=&#8221;0% 0% 0% 0%&#8221;][vc_column_text]<\/p>\n<h2>Znajdziemy<\/h2>\n<p>dla Ciebie prac\u0119<\/p>\n<p>w 48 godzin.<\/p>\n<p>&nbsp;<\/p>\n<h2>\u2026tak, to dzia\u0142a!!!<\/h2>\n<p>[\/vc_column_text][\/qode_elements_holder_item][\/qode_elements_holder][\/vc_column_inner][\/vc_row_inner][vc_empty_space height=&#8221;80px&#8221;][vc_single_image image=&#8221;21662&#8243; img_size=&#8221;full&#8221; alignment=&#8221;center&#8221; qode_css_animation=&#8221;&#8221; el_class=&#8221;pulsate-bck2&#8243;][\/vc_column][vc_column width=&#8221;1\/3&#8243;][\/vc_column][\/vc_row][vc_row row_type=&#8221;row&#8221; use_row_as_full_screen_section=&#8221;no&#8221; type=&#8221;full_width&#8221; text_align=&#8221;left&#8221; background_animation=&#8221;none&#8221; css_animation=&#8221;&#8221; css=&#8221;.vc_custom_1535353928897{padding-bottom: 5% !important;background-color: #ebeaea !important;}&#8221;][vc_column css_animation=&#8221;zoomIn&#8221; width=&#8221;1\/3&#8243;][qode_elements_holder number_of_columns=&#8221;one_column&#8221;][qode_elements_holder_item item_padding=&#8221;15% 0% 0% 15%&#8221; item_padding_600_768=&#8221;15% 0% 0% 5%&#8221; item_padding_480_600=&#8221;15% 0% 0% 5%&#8221; item_padding_480=&#8221;15% 0% 0% 5%&#8221;][vc_column_text]<span class=\"five\">5<\/span>[\/vc_column_text][vc_single_image image=&#8221;21622&#8243; img_size=&#8221;full&#8221; qode_css_animation=&#8221;&#8221;][vc_empty_space height=&#8221;10px&#8221;][vc_column_text]<\/p>\n<h3>Korzy\u015bci<br \/>\nw 5<\/h3>\n<h3>krokach<\/h3>\n<p>[\/vc_column_text][\/qode_elements_holder_item][\/qode_elements_holder][\/vc_column][vc_column width=&#8221;1\/3&#8243; css=&#8221;.vc_custom_1536145630814{padding-top: 5% !important;padding-bottom: 5% !important;}&#8221;][vc_empty_space height=&#8221;80px&#8221;]<div class=\"image_with_text\"><img decoding=\"async\" src=\"https:\/\/simply-job.de\/wp-content\/uploads\/2018\/08\/nutzen01-1.png\" alt=\"Simply Job GmbH | Personalvermittlung. Wir finden Jobs & Personal\" \/><h2 style=\"color:#000000;\">1.<\/h2><span style=\"margin: 6px 0px;\" class=\"separator transparent\"><\/span>Skontaktuj si\u0119 z nami telefonicznie lub mailowo.<\/div>[vc_empty_space height=&#8221;40px&#8221;]<div class=\"image_with_text\"><img decoding=\"async\" src=\"https:\/\/simply-job.de\/wp-content\/uploads\/2018\/08\/nutzen02.png\" alt=\"Simply Job GmbH | Personalvermittlung. Wir finden Jobs & Personal\" \/><h2 style=\"color:#000000;\">2.<\/h2><span style=\"margin: 6px 0px;\" class=\"separator transparent\"><\/span>Znajdziemy dla Ciebie odpowiedni\u0105 prac\u0119.<\/div>[vc_empty_space height=&#8221;40px&#8221;]<div class=\"image_with_text\"><img decoding=\"async\" src=\"https:\/\/simply-job.de\/wp-content\/uploads\/2018\/08\/nutzen03.png\" alt=\"Simply Job GmbH | Personalvermittlung. Wir finden Jobs & Personal\" \/><h2 style=\"color:#000000;\">3.<\/h2><span style=\"margin: 6px 0px;\" class=\"separator transparent\"><\/span>Otrzymasz wszelkie potrzebne informacje.<\/div>[vc_empty_space height=&#8221;40px&#8221;]<div class=\"image_with_text\"><img decoding=\"async\" src=\"https:\/\/simply-job.de\/wp-content\/uploads\/2018\/08\/nutzen04.png\" alt=\"Simply Job GmbH | Personalvermittlung. Wir finden Jobs & Personal\" \/><h2 style=\"color:#000000;\">4.<\/h2><span style=\"margin: 6px 0px;\" class=\"separator transparent\"><\/span>Przez ca\u0142y okres zatrudnienia oferujemy swoje wsparcie.<\/div>[vc_empty_space height=&#8221;40px&#8221;]<div class=\"image_with_text\"><img decoding=\"async\" src=\"https:\/\/simply-job.de\/wp-content\/uploads\/2018\/08\/nutzen05.png\" alt=\"Simply Job GmbH | Personalvermittlung. Wir finden Jobs & Personal\" \/><h2 style=\"color:#000000;\">5.<\/h2><span style=\"margin: 6px 0px;\" class=\"separator transparent\"><\/span>Masz pytania? Jeste\u015bmy do twojej dyspozycji.<\/div>[\/vc_column][vc_column css_animation=&#8221;rotateInUpRight&#8221; width=&#8221;1\/3&#8243;][vc_single_image image=&#8221;21884&#8243; img_size=&#8221;full&#8221; alignment=&#8221;right&#8221; qode_css_animation=&#8221;&#8221; el_class=&#8221;nutzen&#8221;][vc_empty_space height=&#8221;40px&#8221;][qode_elements_holder number_of_columns=&#8221;one_column&#8221;][qode_elements_holder_item item_padding=&#8221;0% 25% 0% 5.5%&#8221; item_padding_1280_1600=&#8221;0% 5% 0% 5.5%&#8221; item_padding_600_768=&#8221;0% 5.5% 0% 5.5%&#8221; item_padding_480_600=&#8221;0% 5.5% 0% 5.5%&#8221; item_padding_480=&#8221;0% 5.5% 0% 5.5%&#8221;][vc_row_inner row_type=&#8221;row&#8221; type=&#8221;full_width&#8221; use_row_as_full_screen_section_slide=&#8221;no&#8221; text_align=&#8221;left&#8221; css_animation=&#8221;&#8221;][vc_column_inner css=&#8221;.vc_custom_1536071188559{padding-top: 10% !important;padding-right: 15% !important;padding-bottom: 10% !important;padding-left: 15% !important;background-color: #ffffff !important;}&#8221;][vc_column_text]<\/p>\n<h2>Ponad<\/h2>\n<p>[\/vc_column_text][vc_column_text]<span class=\"hund\">100[\/vc_column_text][vc_column_text]\u00a0<\/span><\/p>\n<h2>ofert pracy<\/h2>\n<p>[\/vc_column_text][vc_column_text el_class=&#8221;przycisk-02&#8243;]<\/p>\n<p style=\"text-align: center;\"><a href=\"#kontakt\">Skontaktuj si\u0119 z nami w 2 minuty<\/a><\/p>\n<p>[\/vc_column_text][\/vc_column_inner][\/vc_row_inner][\/qode_elements_holder_item][\/qode_elements_holder][\/vc_column][\/vc_row][vc_row row_type=&#8221;row&#8221; use_row_as_full_screen_section=&#8221;no&#8221; type=&#8221;full_width&#8221; anchor=&#8221;kontakt&#8221; text_align=&#8221;left&#8221; background_animation=&#8221;none&#8221; css_animation=&#8221;&#8221; css=&#8221;.vc_custom_1535718384379{padding-top: 5% !important;padding-bottom: 5% !important;background-color: #2b7ebf !important;}&#8221; el_id=&#8221;kontakt&#8221;][vc_column css_animation=&#8221;bounceIn&#8221; width=&#8221;2\/3&#8243;][qode_elements_holder number_of_columns=&#8221;one_column&#8221;][qode_elements_holder_item item_padding=&#8221;0% 15% 0% 15%&#8221; item_padding_600_768=&#8221;0% 5% 0% 5%&#8221; item_padding_480_600=&#8221;0% 5% 0% 5%&#8221; item_padding_480=&#8221;0% 5% 0% 5%&#8221;][vc_column_text el_class=&#8221;biale&#8221;]<\/p>\n<h3>Od nowej pracy w Simply Job dzieli ci\u0119 jedno klikni\u0119cie!<\/h3>\n<p>[\/vc_column_text][vc_empty_space]\n<div class=\"wpcf7 no-js\" id=\"wpcf7-f22029-o1\" lang=\"de-DE\" dir=\"ltr\" data-wpcf7-id=\"22029\">\n<div class=\"screen-reader-response\"><p role=\"status\" aria-live=\"polite\" aria-atomic=\"true\"><\/p> <ul><\/ul><\/div>\n<form action=\"\/pl\/wp-json\/wp\/v2\/pages\/22015#wpcf7-f22029-o1\" method=\"post\" class=\"wpcf7-form init default\" aria-label=\"Kontaktformular\" enctype=\"multipart\/form-data\" novalidate=\"novalidate\" data-status=\"init\">\n<fieldset class=\"hidden-fields-container\"><input type=\"hidden\" name=\"_wpcf7\" value=\"22029\" \/><input type=\"hidden\" name=\"_wpcf7_version\" value=\"6.1.5\" \/><input type=\"hidden\" name=\"_wpcf7_locale\" value=\"de_DE\" \/><input type=\"hidden\" name=\"_wpcf7_unit_tag\" value=\"wpcf7-f22029-o1\" \/><input type=\"hidden\" name=\"_wpcf7_container_post\" value=\"0\" \/><input type=\"hidden\" name=\"_wpcf7_posted_data_hash\" value=\"\" \/>\n<\/fieldset>\n<p><span class=\"wpcf7-form-control-wrap\" data-name=\"your-name\"><input size=\"40\" maxlength=\"400\" class=\"wpcf7-form-control wpcf7-text wpcf7-validates-as-required\" aria-required=\"true\" aria-invalid=\"false\" placeholder=\"Imi\u0119 i nazwisko\" value=\"\" type=\"text\" name=\"your-name\" \/><\/span><br \/>\n<span class=\"wpcf7-form-control-wrap\" data-name=\"your-email\"><input size=\"40\" maxlength=\"400\" class=\"wpcf7-form-control wpcf7-email wpcf7-validates-as-required wpcf7-text wpcf7-validates-as-email\" aria-required=\"true\" aria-invalid=\"false\" placeholder=\"E-Mail\" value=\"\" type=\"email\" name=\"your-email\" \/><\/span><br \/>\n<span class=\"wpcf7-form-control-wrap\" data-name=\"tel-158\"><input size=\"40\" maxlength=\"400\" class=\"wpcf7-form-control wpcf7-tel wpcf7-text wpcf7-validates-as-tel\" aria-invalid=\"false\" placeholder=\"Telefon\" value=\"\" type=\"tel\" name=\"tel-158\" \/><\/span>\n<\/p>\n<p><span class=\"wpcf7-form-control-wrap\" data-name=\"acceptance-724\"><span class=\"wpcf7-form-control wpcf7-acceptance\"><span class=\"wpcf7-list-item\"><label><input type=\"checkbox\" name=\"acceptance-724\" value=\"1\" aria-invalid=\"false\" \/><span class=\"wpcf7-list-item-label\">Niniejszym wyra\u017cam zgod\u0119 na to, aby moje dane by\u0142y zbierane drog\u0105 elektroniczn\u0105 oraz wykorzystywane wspos\u00f3b   zgodny   z   opisem.   Poprzez   wys\u0142anie   formularza   rekrutacyjnego   oraz   zaznaczenie   pola   wyborupotwierdzam,   i\u017c   wyra\u017cam   zgod\u0119   na   to,   aby   moje   dane   by\u0142y   przetwarzane   w   spos\u00f3b   zgodny   z   tre\u015bci\u0105 <a class=\"link-021\" href=\"https:\/\/simply-job.de\/wp-content\/uploads\/2018\/10\/Bewerberformular-DS1-SIMPLY-JOB-output.pdf\" target=\"_blank\">o\u015bwiadczenia o wyra\u017ceniu zgody<\/a> Niniejsze o\u015bwiadczenie o wyra\u017ceniu zgody jest dobrowolne i mo\u017ce zosta\u0107odwo\u0142ane w dowolnym momencie, np. drog\u0105 mailow\u0105 na adres widerspruch@simply-job.de.<\/span><\/label><\/span><\/span><\/span><br \/>\n<span class=\"wpcf7-form-control-wrap\" data-name=\"acceptance-725\"><span class=\"wpcf7-form-control wpcf7-acceptance\"><span class=\"wpcf7-list-item\"><label><input type=\"checkbox\" name=\"acceptance-725\" value=\"1\" aria-invalid=\"false\" \/><span class=\"wpcf7-list-item-label\">Zapozna\u0142em\/zapozna\u0142am si\u0119 ze zrozumieniem z tre\u015bci\u0105 <a class=\"link-021\" href=\"https:\/\/simply-job.de\/wp-content\/uploads\/2018\/10\/Bewerberformular-DS-2-SIMPLY-JOB.pdf\" target=\"_blank\">o\u015bwiadczenia o wyra\u017ceniu zgody.<\/a><\/span><\/label><\/span><\/span><\/span><br \/>\n<span class=\"wpcf7-form-control-wrap\" data-name=\"file-481\"><input size=\"40\" class=\"wpcf7-form-control wpcf7-file\" id=\"cv-file\" accept=\".pdf,.doc\" aria-invalid=\"false\" type=\"file\" name=\"file-481\" \/><\/span>\n<\/p>\n<p><input class=\"wpcf7-form-control wpcf7-submit has-spinner\" type=\"submit\" value=\"Wy\u015blij zg\u0142oszenie\" \/>\n<\/p><div class=\"wpcf7-response-output\" aria-hidden=\"true\"><\/div>\n<\/form>\n<\/div>\n[\/qode_elements_holder_item][\/qode_elements_holder][\/vc_column][vc_column width=&#8221;1\/3&#8243;][vc_row_inner row_type=&#8221;row&#8221; type=&#8221;full_width&#8221; use_row_as_full_screen_section_slide=&#8221;no&#8221; text_align=&#8221;left&#8221; css_animation=&#8221;&#8221;][vc_column_inner width=&#8221;1\/2&#8243; css=&#8221;.vc_custom_1535359581953{padding-right: 5% !important;padding-left: 5% !important;}&#8221;][vc_single_image image=&#8221;21522&#8243; img_size=&#8221;full&#8221; qode_css_animation=&#8221;&#8221;][\/vc_column_inner][\/vc_row_inner][\/vc_column][\/vc_row]<\/p>\n<\/div>","protected":false},"excerpt":{"rendered":"<p>[vc_row row_type=&#8221;row&#8221; use_row_as_full_screen_section=&#8221;no&#8221; type=&#8221;full_width&#8221; text_align=&#8221;left&#8221; background_animation=&#8221;none&#8221; css_animation=&#8221;&#8221;][vc_column][rev_slider_vc alias=&#8221;dla-pracownikow&#8221;][\/vc_column][\/vc_row][vc_row row_type=&#8221;row&#8221; use_row_as_full_screen_section=&#8221;no&#8221; type=&#8221;grid&#8221; text_align=&#8221;left&#8221; background_animation=&#8221;none&#8221; css_animation=&#8221;&#8221;][vc_column width=&#8221;2\/3&#8243; el_class=&#8221;sectoin-01&#8243;][vc_column_text css=&#8221;.vc_custom_1535702988767{padding-top: 4% !important;padding-bottom: 4% !important;}&#8221;]48[\/vc_column_text][vc_row_inner row_type=&#8221;row&#8221; type=&#8221;full_width&#8221; use_row_as_full_screen_section_slide=&#8221;no&#8221; text_align=&#8221;left&#8221; css_animation=&#8221;&#8221;][vc_column_inner el_class=&#8221;sectoin-02&#8243;][qode_elements_holder number_of_columns=&#8221;one_column&#8221;][qode_elements_holder_item item_padding=&#8221;0% 0% 0% 20%&#8221; item_padding_600_768=&#8221;0% 0% 0% 0%&#8221; item_padding_480_600=&#8221;0% 0% 0% 0%&#8221; item_padding_480=&#8221;0% 0% 0% 0%&#8221;][vc_column_text] Znajdziemy&#8230;<\/p>\n","protected":false},"author":2,"featured_media":0,"parent":0,"menu_order":0,"comment_status":"closed","ping_status":"closed","template":"full_width.php","meta":{"footnotes":""},"class_list":["post-22015","page","type-page","status-publish","hentry"],"_links":{"self":[{"href":"https:\/\/simply-job.de\/pl\/wp-json\/wp\/v2\/pages\/22015","targetHints":{"allow":["GET"]}}],"collection":[{"href":"https:\/\/simply-job.de\/pl\/wp-json\/wp\/v2\/pages"}],"about":[{"href":"https:\/\/simply-job.de\/pl\/wp-json\/wp\/v2\/types\/page"}],"author":[{"embeddable":true,"href":"https:\/\/simply-job.de\/pl\/wp-json\/wp\/v2\/users\/2"}],"replies":[{"embeddable":true,"href":"https:\/\/simply-job.de\/pl\/wp-json\/wp\/v2\/comments?post=22015"}],"version-history":[{"count":0,"href":"https:\/\/simply-job.de\/pl\/wp-json\/wp\/v2\/pages\/22015\/revisions"}],"wp:attachment":[{"href":"https:\/\/simply-job.de\/pl\/wp-json\/wp\/v2\/media?parent=22015"}],"curies":[{"name":"wp","href":"https:\/\/api.w.org\/{rel}","templated":true}]}}