{"id":22012,"date":"2018-10-08T13:55:11","date_gmt":"2018-10-08T11:55:11","guid":{"rendered":"https:\/\/simply-job.de\/?page_id=22012"},"modified":"2018-10-08T13:57:41","modified_gmt":"2018-10-08T11:57:41","slug":"dla-pracodawcy","status":"publish","type":"page","link":"https:\/\/simply-job.de\/pl\/dla-pracodawcy\/","title":{"rendered":"Dla Pracodawcy"},"content":{"rendered":"<div class=\"wpb-content-wrapper\"><p>[vc_row row_type=&#8221;row&#8221; use_row_as_full_screen_section=&#8221;no&#8221; type=&#8221;full_width&#8221; text_align=&#8221;left&#8221; background_animation=&#8221;none&#8221; css_animation=&#8221;&#8221;][vc_column][rev_slider_vc alias=&#8221;dla-pracodawcow&#8221;][\/vc_column][\/vc_row][vc_row row_type=&#8221;row&#8221; use_row_as_full_screen_section=&#8221;no&#8221; type=&#8221;grid&#8221; text_align=&#8221;left&#8221; background_animation=&#8221;none&#8221; css_animation=&#8221;&#8221;][vc_column width=&#8221;1\/4&#8243;][vc_column_text css=&#8221;.vc_custom_1538999434051{border-top-width: 1px !important;border-right-width: 1px !important;border-bottom-width: 1px !important;border-left-width: 1px !important;padding-bottom: 20px !important;border-left-color: #000000 !important;border-left-style: solid !important;border-right-color: #000000 !important;border-right-style: solid !important;border-top-color: #000000 !important;border-top-style: solid !important;border-bottom-color: #000000 !important;border-bottom-style: solid !important;}&#8221;]<\/p>\n<p style=\"text-align: center;\"><span class=\"five\">5<\/span><\/p>\n<h2 style=\"text-align: center;\">Powod\u00f3w<\/h2>\n<p>[\/vc_column_text][vc_empty_space][vc_column_text]<\/p>\n<h2>Dlaczego my?<\/h2>\n<p>[\/vc_column_text][\/vc_column][vc_column width=&#8221;1\/4&#8243;][qode_elements_holder number_of_columns=&#8221;one_column&#8221;][qode_elements_holder_item item_padding=&#8221;0% 3% 0% 3%&#8221; item_padding_600_768=&#8221;8% 0% 0% 0%&#8221; item_padding_480_600=&#8221;8% 0% 0% 0%&#8221; item_padding_480=&#8221;8% 0% 0% 0%&#8221;][vc_column_text el_class=&#8221;liczby&#8221;]1 <span class=\"ukos\">\/<\/span>[\/vc_column_text][vc_column_text]Idealnie dobieramy wykwalifikowanych pracownik\u00f3w do odpowiedniego stanowiska.<br \/>\nOtrzymasz specjalnie wyselekcjonowane i sprawdzone profile kwalifikacyjne z merytoryczn\u0105 ocen\u0105 naszych specjalist\u00f3w.[\/vc_column_text][\/qode_elements_holder_item][\/qode_elements_holder][\/vc_column][vc_column width=&#8221;1\/4&#8243;][qode_elements_holder number_of_columns=&#8221;one_column&#8221;][qode_elements_holder_item item_padding=&#8221;0% 3% 0% 3%&#8221; item_padding_600_768=&#8221;8% 0% 0% 0%&#8221; item_padding_480_600=&#8221;8% 0% 0% 0%&#8221; item_padding_480=&#8221;8% 0% 0% 0%&#8221;][vc_column_text el_class=&#8221;liczby&#8221;]2 <span class=\"ukos\">\/<\/span>[\/vc_column_text][vc_column_text]Jeste\u015bmy zawsze do Twojej dyspozycji przez ca\u0142y okres wsp\u00f3\u0142pracy! Dzi\u0119ki niezb\u0119dnemu doswiadczeniu zawsze pomagamy w przypadku zaistnia\u0142ych problem\u00f3w.[\/vc_column_text][\/qode_elements_holder_item][\/qode_elements_holder][\/vc_column][vc_column width=&#8221;1\/4&#8243;][qode_elements_holder number_of_columns=&#8221;one_column&#8221;][qode_elements_holder_item item_padding=&#8221;0% 3% 0% 3%&#8221; item_padding_600_768=&#8221;8% 0% 0% 0%&#8221; item_padding_480_600=&#8221;8% 0% 0% 0%&#8221; item_padding_480=&#8221;8% 0% 0% 0%&#8221;][vc_column_text el_class=&#8221;liczby&#8221;]3 <span class=\"ukos\">\/<\/span>[\/vc_column_text][vc_column_text]Dzi\u0119ki osobistej i ci\u0105g\u0142ej wsp\u00f3\u0142pracy z naszymi klientami, jeste\u015bmy w stanie zweryfikowa\u0107 przydatno\u015b\u0107, niezawodno\u015b\u0107 i osobiste umiej\u0119tno\u015bci oraz rozw\u00f3j naszych pracownik\u00f3w.[\/vc_column_text][\/qode_elements_holder_item][\/qode_elements_holder][\/vc_column][\/vc_row][vc_row row_type=&#8221;row&#8221; use_row_as_full_screen_section=&#8221;no&#8221; type=&#8221;full_width&#8221; text_align=&#8221;left&#8221; background_animation=&#8221;none&#8221; css_animation=&#8221;&#8221;][vc_column][vc_empty_space height=&#8221;50px&#8221; el_class=&#8221;wys-0&#8243;][\/vc_column][\/vc_row][vc_row row_type=&#8221;row&#8221; use_row_as_full_screen_section=&#8221;no&#8221; type=&#8221;grid&#8221; text_align=&#8221;left&#8221; background_animation=&#8221;none&#8221; css_animation=&#8221;&#8221; css=&#8221;.vc_custom_1535115161217{padding-bottom: 7% !important;}&#8221;][vc_column width=&#8221;1\/4&#8243;][\/vc_column][vc_column width=&#8221;1\/4&#8243;][qode_elements_holder number_of_columns=&#8221;one_column&#8221;][qode_elements_holder_item item_padding=&#8221;0% 3% 0% 3%&#8221; item_padding_600_768=&#8221;8% 0% 0% 0%&#8221; item_padding_480_600=&#8221;8% 0% 0% 0%&#8221; item_padding_480=&#8221;8% 0% 0% 0%&#8221;][vc_column_text el_class=&#8221;liczby&#8221;]4 <span class=\"ukos\">\/<\/span>[\/vc_column_text][vc_column_text]Zawsze masz pe\u0142n\u0105 elastyczno\u015b\u0107. Nasi Pracownicy mog\u0105 by\u0107 w dowolnym momencie bezpo\u015brednio przez twoj\u0105 firm\u0119 przej\u0119ci.[\/vc_column_text][\/qode_elements_holder_item][\/qode_elements_holder][\/vc_column][vc_column width=&#8221;1\/4&#8243;][qode_elements_holder number_of_columns=&#8221;one_column&#8221;][qode_elements_holder_item item_padding=&#8221;0% 3% 0% 3%&#8221; item_padding_600_768=&#8221;8% 0% 0% 0%&#8221; item_padding_480_600=&#8221;8% 0% 0% 0%&#8221; item_padding_480=&#8221;8% 0% 0% 0%&#8221;][vc_column_text el_class=&#8221;liczby&#8221;]5 <span class=\"ukos\">\/<\/span>[\/vc_column_text][vc_column_text]Z nami zyskujesz idealnego partnera, kt\u00f3ry mo\u017ce zaoferowa\u0107 Ci wszystko, od klasycznej agencji pracy tymczasowej po agencj\u0119 rekrutacyjn\u0105. Wykorzystaj nasz\u0105 znajomo\u015b\u0107 rynku i unikalne know-how.[\/vc_column_text][\/qode_elements_holder_item][\/qode_elements_holder][\/vc_column][vc_column width=&#8221;1\/4&#8243;][\/vc_column][\/vc_row][vc_row row_type=&#8221;row&#8221; use_row_as_full_screen_section=&#8221;no&#8221; type=&#8221;full_width&#8221; text_align=&#8221;left&#8221; background_animation=&#8221;none&#8221; css_animation=&#8221;&#8221; css=&#8221;.vc_custom_1535113779532{padding-bottom: 5% !important;background-color: #ebeaea !important;}&#8221;][vc_column css_animation=&#8221;zoomIn&#8221; width=&#8221;1\/2&#8243; offset=&#8221;vc_hidden-sm vc_hidden-xs&#8221;][qode_elements_holder number_of_columns=&#8221;one_column&#8221;][qode_elements_holder_item item_padding=&#8221;10% 0% 0% 33%&#8221; item_padding_1280_1600=&#8221;10% 0% 0% 17%&#8221; item_padding_1024_1280=&#8221;10% 0% 0% 5%&#8221; item_padding_768_1024=&#8221;10% 0% 0% 5%&#8221; item_padding_600_768=&#8221;10% 30px 10% 30px&#8221; item_padding_480_600=&#8221;10% 30px 10% 30px&#8221; item_padding_480=&#8221;10% 30px 10% 30px&#8221;][vc_column_text]<\/p>\n<p style=\"text-align: left;\"><span class=\"five\">5<\/span><\/p>\n<p>[\/vc_column_text][vc_single_image image=&#8221;21622&#8243; img_size=&#8221;full&#8221; qode_css_animation=&#8221;element_from_left&#8221;][\/qode_elements_holder_item][\/qode_elements_holder][\/vc_column][vc_column css_animation=&#8221;bounceInRight&#8221; width=&#8221;1\/2&#8243; offset=&#8221;vc_hidden-sm vc_hidden-xs&#8221;][vc_single_image image=&#8221;21643&#8243; img_size=&#8221;full&#8221; alignment=&#8221;right&#8221; qode_css_animation=&#8221;element_from_fade&#8221; el_class=&#8221;obrazek-01b&#8221;][vc_single_image image=&#8221;21624&#8243; img_size=&#8221;full&#8221; alignment=&#8221;right&#8221; qode_css_animation=&#8221;&#8221; el_class=&#8221;obrazek-01a&#8221;][\/vc_column][vc_column width=&#8221;1\/2&#8243; el_class=&#8221;five-block&#8221; offset=&#8221;vc_hidden-sm vc_hidden-xs&#8221;][qode_elements_holder number_of_columns=&#8221;one_column&#8221;][qode_elements_holder_item item_padding=&#8221;5% 0% 0% 33%&#8221; item_padding_1280_1600=&#8221;0% 0% 0% 17%&#8221; item_padding_1024_1280=&#8221;0% 0% 0% 5%&#8221; item_padding_768_1024=&#8221;0% 0% 0% 5%&#8221; item_padding_600_768=&#8221;0% 30px 10% 30px&#8221; item_padding_480_600=&#8221;0% 30px 10% 30px&#8221; item_padding_480=&#8221;0% 30px 10% 30px&#8221;][vc_empty_space][vc_column_text]<\/p>\n<h2>krok\u00f3w do sukcesu<\/h2>\n<p>[\/vc_column_text][\/qode_elements_holder_item][\/qode_elements_holder][\/vc_column][vc_column width=&#8221;1\/2&#8243;][\/vc_column][\/vc_row][vc_row row_type=&#8221;row&#8221; use_row_as_full_screen_section=&#8221;no&#8221; type=&#8221;full_width&#8221; text_align=&#8221;left&#8221; background_animation=&#8221;none&#8221; css_animation=&#8221;&#8221; css=&#8221;.vc_custom_1535702494115{padding-bottom: 5% !important;background-color: #ebeaea !important;}&#8221;][vc_column css_animation=&#8221;zoomIn&#8221; width=&#8221;1\/2&#8243; offset=&#8221;vc_hidden-lg vc_hidden-md&#8221;][qode_elements_holder number_of_columns=&#8221;one_column&#8221;][qode_elements_holder_item item_padding=&#8221;10% 0% 0% 33%&#8221; item_padding_1280_1600=&#8221;10% 0% 0% 17%&#8221; item_padding_1024_1280=&#8221;10% 0% 0% 5%&#8221; item_padding_768_1024=&#8221;10% 0% 0% 5%&#8221; item_padding_600_768=&#8221;10% 30px 10% 30px&#8221; item_padding_480_600=&#8221;10% 30px 10% 30px&#8221; item_padding_480=&#8221;10% 30px 10% 30px&#8221;][vc_column_text]<\/p>\n<p style=\"text-align: left;\"><span class=\"five\">5<\/span><\/p>\n<p>[\/vc_column_text][vc_single_image image=&#8221;21622&#8243; img_size=&#8221;full&#8221; qode_css_animation=&#8221;element_from_left&#8221;][vc_empty_space][vc_column_text]<\/p>\n<h2>krok\u00f3w do sukcesu<\/h2>\n<p>[\/vc_column_text][\/qode_elements_holder_item][\/qode_elements_holder][\/vc_column][vc_column css_animation=&#8221;bounceInRight&#8221; width=&#8221;1\/2&#8243; offset=&#8221;vc_hidden-lg vc_hidden-md&#8221;][vc_single_image image=&#8221;21643&#8243; img_size=&#8221;full&#8221; alignment=&#8221;right&#8221; qode_css_animation=&#8221;element_from_fade&#8221; el_class=&#8221;obrazek-01b&#8221;][vc_single_image image=&#8221;21624&#8243; img_size=&#8221;full&#8221; alignment=&#8221;right&#8221; qode_css_animation=&#8221;&#8221; el_class=&#8221;obrazek-01a&#8221;][\/vc_column][\/vc_row][vc_row row_type=&#8221;row&#8221; use_row_as_full_screen_section=&#8221;no&#8221; type=&#8221;full_width&#8221; text_align=&#8221;left&#8221; background_animation=&#8221;none&#8221; css_animation=&#8221;&#8221; css=&#8221;.vc_custom_1536144955512{background-color: #ebeaea !important;}&#8221;][vc_column][qode_elements_holder number_of_columns=&#8221;one_column&#8221;][qode_elements_holder_item item_padding=&#8221;0% 0% 0% 0%&#8221; item_padding_600_768=&#8221;5% 0% 0% 0%&#8221; item_padding_480_600=&#8221;5% 0% 0% 0%&#8221; item_padding_480=&#8221;5% 0% 0% 0%&#8221;][\/qode_elements_holder_item][\/qode_elements_holder][\/vc_column][\/vc_row][vc_row row_type=&#8221;row&#8221; use_row_as_full_screen_section=&#8221;no&#8221; type=&#8221;grid&#8221; text_align=&#8221;left&#8221; background_animation=&#8221;none&#8221; css_animation=&#8221;&#8221; css=&#8221;.vc_custom_1535709894111{margin-top: -15px !important;padding-bottom: 5% !important;background-color: #ebeaea !important;}&#8221;][vc_column width=&#8221;1\/6&#8243; css=&#8221;.vc_custom_1535116811762{padding-top: 4% !important;padding-bottom: 4% !important;}&#8221;][vc_single_image image=&#8221;21634&#8243; img_size=&#8221;full&#8221; qode_css_animation=&#8221;&#8221;][vc_empty_space height=&#8221;35px&#8221;][vc_column_text]<strong>1.<\/strong><br \/>\nSkontaktuj si\u0119 z nami telefonicznie lub mailowo[\/vc_column_text][\/vc_column][vc_column css_animation=&#8221;bounceInUp&#8221; width=&#8221;1\/6&#8243; css=&#8221;.vc_custom_1535117484121{padding-top: 4% !important;padding-bottom: 4% !important;}&#8221;][vc_single_image image=&#8221;21635&#8243; img_size=&#8221;full&#8221; qode_css_animation=&#8221;&#8221;][vc_empty_space height=&#8221;35px&#8221;][vc_column_text]<strong>2.<\/strong><br \/>\nWsp\u00f3lnie okre\u015blimy twoje potrzeby[\/vc_column_text][\/vc_column][vc_column width=&#8221;1\/6&#8243; css=&#8221;.vc_custom_1535116825754{padding-top: 4% !important;padding-bottom: 4% !important;}&#8221;][vc_single_image image=&#8221;21636&#8243; img_size=&#8221;full&#8221; qode_css_animation=&#8221;&#8221;][vc_empty_space height=&#8221;35px&#8221;][vc_column_text]<strong>3.<\/strong><br \/>\nWybierzemy odpowiednich kandydat\u00f3w[\/vc_column_text][\/vc_column][vc_column css_animation=&#8221;bounceInUp&#8221; width=&#8221;1\/6&#8243; css=&#8221;.vc_custom_1535117490690{padding-top: 4% !important;padding-bottom: 4% !important;}&#8221;][vc_single_image image=&#8221;21637&#8243; img_size=&#8221;full&#8221; qode_css_animation=&#8221;&#8221;][vc_empty_space height=&#8221;35px&#8221;][vc_column_text]<strong>4.<\/strong><br \/>\nKo\u0144cowy wyb\u00f3r nale\u017cy do Ciebie[\/vc_column_text][\/vc_column][vc_column width=&#8221;1\/6&#8243; css=&#8221;.vc_custom_1535116840297{padding-top: 4% !important;padding-bottom: 4% !important;}&#8221;][vc_single_image image=&#8221;21638&#8243; img_size=&#8221;full&#8221; qode_css_animation=&#8221;&#8221;][vc_empty_space height=&#8221;35px&#8221;][vc_column_text]<strong>5.<\/strong><br \/>\n\u2026 i ju\u017c jeste\u015b na dobrej drodze prowadz\u0105cej do sukcesu[\/vc_column_text][\/vc_column][\/vc_row][vc_row row_type=&#8221;row&#8221; use_row_as_full_screen_section=&#8221;no&#8221; type=&#8221;full_width&#8221; text_align=&#8221;left&#8221; background_animation=&#8221;none&#8221; css_animation=&#8221;&#8221; css=&#8221;.vc_custom_1536144947700{background-color: #ebeaea !important;}&#8221;][vc_column][qode_elements_holder number_of_columns=&#8221;one_column&#8221;][qode_elements_holder_item item_padding=&#8221;0% 0% 0% 0%&#8221; item_padding_600_768=&#8221;5% 0% 0% 0%&#8221; item_padding_480_600=&#8221;5% 0% 0% 0%&#8221; item_padding_480=&#8221;5% 0% 0% 0%&#8221;][\/qode_elements_holder_item][\/qode_elements_holder][\/vc_column][\/vc_row]<\/p>\n<\/div>","protected":false},"excerpt":{"rendered":"<p>[vc_row row_type=&#8221;row&#8221; use_row_as_full_screen_section=&#8221;no&#8221; type=&#8221;full_width&#8221; text_align=&#8221;left&#8221; background_animation=&#8221;none&#8221; css_animation=&#8221;&#8221;][vc_column][rev_slider_vc alias=&#8221;dla-pracodawcow&#8221;][\/vc_column][\/vc_row][vc_row row_type=&#8221;row&#8221; use_row_as_full_screen_section=&#8221;no&#8221; type=&#8221;grid&#8221; text_align=&#8221;left&#8221; background_animation=&#8221;none&#8221; css_animation=&#8221;&#8221;][vc_column width=&#8221;1\/4&#8243;][vc_column_text css=&#8221;.vc_custom_1538999434051{border-top-width: 1px !important;border-right-width: 1px !important;border-bottom-width: 1px !important;border-left-width: 1px !important;padding-bottom: 20px !important;border-left-color: #000000 !important;border-left-style: solid !important;border-right-color: #000000 !important;border-right-style: solid !important;border-top-color: #000000 !important;border-top-style: solid !important;border-bottom-color: #000000 !important;border-bottom-style: solid !important;}&#8221;] 5 Powod\u00f3w [\/vc_column_text][vc_empty_space][vc_column_text]&#8230;<\/p>\n","protected":false},"author":2,"featured_media":0,"parent":0,"menu_order":0,"comment_status":"closed","ping_status":"closed","template":"full_width.php","meta":{"footnotes":""},"class_list":["post-22012","page","type-page","status-publish","hentry"],"_links":{"self":[{"href":"https:\/\/simply-job.de\/pl\/wp-json\/wp\/v2\/pages\/22012","targetHints":{"allow":["GET"]}}],"collection":[{"href":"https:\/\/simply-job.de\/pl\/wp-json\/wp\/v2\/pages"}],"about":[{"href":"https:\/\/simply-job.de\/pl\/wp-json\/wp\/v2\/types\/page"}],"author":[{"embeddable":true,"href":"https:\/\/simply-job.de\/pl\/wp-json\/wp\/v2\/users\/2"}],"replies":[{"embeddable":true,"href":"https:\/\/simply-job.de\/pl\/wp-json\/wp\/v2\/comments?post=22012"}],"version-history":[{"count":0,"href":"https:\/\/simply-job.de\/pl\/wp-json\/wp\/v2\/pages\/22012\/revisions"}],"wp:attachment":[{"href":"https:\/\/simply-job.de\/pl\/wp-json\/wp\/v2\/media?parent=22012"}],"curies":[{"name":"wp","href":"https:\/\/api.w.org\/{rel}","templated":true}]}}