{"id":22009,"date":"2018-10-08T13:35:57","date_gmt":"2018-10-08T11:35:57","guid":{"rendered":"https:\/\/simply-job.de\/?page_id=22009"},"modified":"2018-10-08T13:41:58","modified_gmt":"2018-10-08T11:41:58","slug":"branze","status":"publish","type":"page","link":"https:\/\/simply-job.de\/pl\/branze\/","title":{"rendered":"Bran\u017ce"},"content":{"rendered":"<div class=\"wpb-content-wrapper\"><p>[vc_row row_type=&#8221;row&#8221; use_row_as_full_screen_section=&#8221;no&#8221; type=&#8221;full_width&#8221; text_align=&#8221;left&#8221; background_animation=&#8221;none&#8221; css_animation=&#8221;&#8221;][vc_column][rev_slider_vc alias=&#8221;branze-pl&#8221;][\/vc_column][\/vc_row][vc_row row_type=&#8221;row&#8221; use_row_as_full_screen_section=&#8221;no&#8221; type=&#8221;grid&#8221; text_align=&#8221;left&#8221; background_animation=&#8221;none&#8221; css_animation=&#8221;&#8221; css=&#8221;.vc_custom_1535106180138{padding-bottom: 5% !important;}&#8221;][vc_column width=&#8221;2\/3&#8243; el_class=&#8221;sectoin-01&#8243;][vc_row_inner row_type=&#8221;row&#8221; type=&#8221;full_width&#8221; use_row_as_full_screen_section_slide=&#8221;no&#8221; text_align=&#8221;left&#8221; css_animation=&#8221;&#8221;][vc_column_inner el_class=&#8221;box-012&#8243; width=&#8221;1\/3&#8243; css=&#8221;.vc_custom_1535105940488{padding-top: 36px !important;padding-right: 36px !important;padding-bottom: 36px !important;padding-left: 36px !important;background-color: #ebeaea !important;}&#8221;]<div class=\"q_counter_holder  left\" style=\"\"><span class=\"counter  random\" style=\"color: #000000;font-size: 96px;font-weight: 900;\">20<\/span><\/div>[\/vc_column_inner][vc_column_inner width=&#8221;2\/3&#8243;][qode_elements_holder number_of_columns=&#8221;one_column&#8221;][qode_elements_holder_item item_padding=&#8221;21% 0% 0% 0%&#8221;][vc_column_text]<\/p>\n<h2>Pozyskujemy pracownik\u00f3w w ponad 20<\/h2>\n<h2>r\u00f3\u017cnych bran\u017cach.<\/h2>\n<p>[\/vc_column_text][\/qode_elements_holder_item][\/qode_elements_holder][\/vc_column_inner][\/vc_row_inner][\/vc_column][vc_column width=&#8221;1\/3&#8243;][\/vc_column][\/vc_row][vc_row row_type=&#8221;row&#8221; use_row_as_full_screen_section=&#8221;no&#8221; type=&#8221;grid&#8221; text_align=&#8221;left&#8221; background_animation=&#8221;none&#8221; css_animation=&#8221;&#8221;][vc_column css_animation=&#8221;zoomIn&#8221; width=&#8221;1\/2&#8243; css=&#8221;.vc_custom_1535112077871{margin-bottom: 40px !important;}&#8221;][vc_column_text el_class=&#8221;obramowanie-skos&#8221; css=&#8221;.vc_custom_1538998275018{padding-top: 20px !important;padding-right: 30px !important;padding-bottom: 20px !important;padding-left: 30px !important;}&#8221;]<\/p>\n<h3>Produkcja m\/k<\/h3>\n<p>&nbsp;<\/p>\n<ul>\n<li>Operatorzy maszyny<\/li>\n<li>Asystenci produkcji<\/li>\n<li>Programi\u015bci maszyn<\/li>\n<\/ul>\n<p>[\/vc_column_text][\/vc_column][vc_column width=&#8221;1\/2&#8243; css=&#8221;.vc_custom_1535110247624{margin-bottom: 40px !important;}&#8221;][vc_column_text el_class=&#8221;obramowanie-skos&#8221; css=&#8221;.vc_custom_1538998342233{padding-top: 20px !important;padding-right: 30px !important;padding-bottom: 20px !important;padding-left: 30px !important;}&#8221;]<\/p>\n<h3>Logistyka k\/m<\/h3>\n<p>&nbsp;<\/p>\n<ul>\n<li>Pracownicy magazynowi<\/li>\n<li>Pomocnicy magazynowi<\/li>\n<li>Magazynierzy<\/li>\n<li>Operatorzy w\u00f3zka wid\u0142owego<\/li>\n<li>Kierowcy w ruchu lokalnym i na d\u0142ugich dystansach<\/li>\n<li>Operatorzy \u017curawia<\/li>\n<\/ul>\n<p>[\/vc_column_text][\/vc_column][\/vc_row][vc_row row_type=&#8221;row&#8221; use_row_as_full_screen_section=&#8221;no&#8221; type=&#8221;grid&#8221; text_align=&#8221;left&#8221; background_animation=&#8221;none&#8221; css_animation=&#8221;&#8221;][vc_column width=&#8221;1\/2&#8243; css=&#8221;.vc_custom_1535110240695{margin-bottom: 40px !important;}&#8221;][vc_column_text el_class=&#8221;obramowanie-skos&#8221; css=&#8221;.vc_custom_1538998475232{padding-top: 20px !important;padding-right: 30px !important;padding-bottom: 20px !important;padding-left: 30px !important;}&#8221;]<\/p>\n<h3>Bran\u017ca administracyjno-biurowa m\/k<\/h3>\n<p>&nbsp;<\/p>\n<ul>\n<li>Asystenci i pracownicy sekretariat\u00f3w<\/li>\n<li>Pracownicy biurowi<\/li>\n<li>Urz\u0119dnicy<\/li>\n<li>Kierownicy i personel projektu<\/li>\n<li>Ksi\u0119gowi ds. finans\u00f3w i p\u0142ac<\/li>\n<li>Dysponenci<\/li>\n<li>Sprzedawcy<\/li>\n<\/ul>\n<p>[\/vc_column_text][\/vc_column][vc_column css_animation=&#8221;zoomIn&#8221; width=&#8221;1\/2&#8243; css=&#8221;.vc_custom_1535112084545{margin-bottom: 40px !important;}&#8221;][vc_column_text el_class=&#8221;obramowanie-skos&#8221; css=&#8221;.vc_custom_1538998554799{padding-top: 20px !important;padding-right: 30px !important;padding-bottom: 20px !important;padding-left: 30px !important;}&#8221;]<\/p>\n<h3>Przemys\u0142 i instalacje k\/m<\/h3>\n<p>&nbsp;<\/p>\n<ul>\n<li>Tapicerzy<\/li>\n<li>Szwaczki<\/li>\n<li>Spawacze i \u015alusarze<\/li>\n<li>Cie\u015ble i Stolarze<\/li>\n<li>Elektrycy<\/li>\n<li>Elektrycy przemys\u0142owi<\/li>\n<li>Tokarze i Frezerzy<\/li>\n<\/ul>\n<p>[\/vc_column_text][\/vc_column][\/vc_row][vc_row row_type=&#8221;row&#8221; use_row_as_full_screen_section=&#8221;no&#8221; type=&#8221;full_width&#8221; text_align=&#8221;left&#8221; background_animation=&#8221;none&#8221; css_animation=&#8221;&#8221;][vc_column][vc_empty_space height=&#8221;40px&#8221;][\/vc_column][\/vc_row]<\/p>\n<\/div>","protected":false},"excerpt":{"rendered":"<p>[vc_row row_type=&#8221;row&#8221; use_row_as_full_screen_section=&#8221;no&#8221; type=&#8221;full_width&#8221; text_align=&#8221;left&#8221; background_animation=&#8221;none&#8221; css_animation=&#8221;&#8221;][vc_column][rev_slider_vc alias=&#8221;branze-pl&#8221;][\/vc_column][\/vc_row][vc_row row_type=&#8221;row&#8221; use_row_as_full_screen_section=&#8221;no&#8221; type=&#8221;grid&#8221; text_align=&#8221;left&#8221; background_animation=&#8221;none&#8221; css_animation=&#8221;&#8221; css=&#8221;.vc_custom_1535106180138{padding-bottom: 5% !important;}&#8221;][vc_column width=&#8221;2\/3&#8243; el_class=&#8221;sectoin-01&#8243;][vc_row_inner row_type=&#8221;row&#8221; type=&#8221;full_width&#8221; use_row_as_full_screen_section_slide=&#8221;no&#8221; text_align=&#8221;left&#8221; css_animation=&#8221;&#8221;][vc_column_inner el_class=&#8221;box-012&#8243; width=&#8221;1\/3&#8243; css=&#8221;.vc_custom_1535105940488{padding-top: 36px !important;padding-right: 36px !important;padding-bottom: 36px !important;padding-left: 36px !important;background-color: #ebeaea !important;}&#8221;][\/vc_column_inner][vc_column_inner width=&#8221;2\/3&#8243;][qode_elements_holder number_of_columns=&#8221;one_column&#8221;][qode_elements_holder_item item_padding=&#8221;21% 0% 0% 0%&#8221;][vc_column_text] Pozyskujemy pracownik\u00f3w&#8230;<\/p>\n","protected":false},"author":2,"featured_media":0,"parent":0,"menu_order":0,"comment_status":"closed","ping_status":"closed","template":"full_width.php","meta":{"footnotes":""},"class_list":["post-22009","page","type-page","status-publish","hentry"],"_links":{"self":[{"href":"https:\/\/simply-job.de\/pl\/wp-json\/wp\/v2\/pages\/22009","targetHints":{"allow":["GET"]}}],"collection":[{"href":"https:\/\/simply-job.de\/pl\/wp-json\/wp\/v2\/pages"}],"about":[{"href":"https:\/\/simply-job.de\/pl\/wp-json\/wp\/v2\/types\/page"}],"author":[{"embeddable":true,"href":"https:\/\/simply-job.de\/pl\/wp-json\/wp\/v2\/users\/2"}],"replies":[{"embeddable":true,"href":"https:\/\/simply-job.de\/pl\/wp-json\/wp\/v2\/comments?post=22009"}],"version-history":[{"count":0,"href":"https:\/\/simply-job.de\/pl\/wp-json\/wp\/v2\/pages\/22009\/revisions"}],"wp:attachment":[{"href":"https:\/\/simply-job.de\/pl\/wp-json\/wp\/v2\/media?parent=22009"}],"curies":[{"name":"wp","href":"https:\/\/api.w.org\/{rel}","templated":true}]}}