{"id":22006,"date":"2018-10-08T13:24:52","date_gmt":"2018-10-08T11:24:52","guid":{"rendered":"https:\/\/simply-job.de\/?page_id=22006"},"modified":"2020-10-14T11:58:09","modified_gmt":"2020-10-14T09:58:09","slug":"strona-glowna","status":"publish","type":"page","link":"https:\/\/simply-job.de\/pl\/","title":{"rendered":"Strona g\u0142\u00f3wna"},"content":{"rendered":"<div class=\"wpb-content-wrapper\"><p>[vc_row row_type=&#8221;row&#8221; use_row_as_full_screen_section=&#8221;no&#8221; type=&#8221;full_width&#8221; text_align=&#8221;left&#8221; background_animation=&#8221;none&#8221; css_animation=&#8221;&#8221;][vc_column][rev_slider_vc alias=&#8221;home-pl&#8221;][\/vc_column][\/vc_row][vc_row row_type=&#8221;row&#8221; use_row_as_full_screen_section=&#8221;no&#8221; type=&#8221;grid&#8221; text_align=&#8221;left&#8221; background_animation=&#8221;none&#8221; css_animation=&#8221;&#8221; css=&#8221;.vc_custom_1535090997566{padding-bottom: 4% !important;}&#8221;][vc_column css_animation=&#8221;slideInLeft&#8221; width=&#8221;1\/2&#8243; el_class=&#8221;sectoin-01&#8243;][qode_elements_holder number_of_columns=&#8221;one_column&#8221;][qode_elements_holder_item item_padding=&#8221;0% 20% 0% 0%&#8221; item_padding_600_768=&#8221;0 0 0 0&#8243; item_padding_480_600=&#8221;0 0 0 0&#8243; item_padding_480=&#8221;0 0 0 0&#8243;][vc_single_image image=&#8221;21518&#8243; img_size=&#8221;full&#8221; qode_css_animation=&#8221;&#8221;][vc_empty_space height=&#8221;35px&#8221;][vc_column_text]<\/p>\n<h2>Pracownicy<br \/>\ns\u0105 najwa\u017cniejszym<br \/>\nzasobem firmy.<\/h2>\n<p>[\/vc_column_text][vc_empty_space height=&#8221;70px&#8221;][vc_column_text]Sukcesy biznesowe zawsze osi\u0105gaj\u0105 ludzie, kt\u00f3rzy za nimi stoj\u0105. Je\u015bli masz ju\u017c w swojej firmie ludzi, kt\u00f3rzy co dzie\u0144 z powodzeniem d\u0105\u017c\u0105 do sukcesu lub jeste\u015b jedn\u0105 z tych os\u00f3b to sam wiesz, ile prawdy zawieraj\u0105 te s\u0142owa.[\/vc_column_text][\/qode_elements_holder_item][\/qode_elements_holder][\/vc_column][vc_column width=&#8221;1\/2&#8243;][qode_elements_holder number_of_columns=&#8221;one_column&#8221;][qode_elements_holder_item item_padding=&#8221;20% 0% 0% 0%&#8221;][vc_column_text]<\/p>\n<h2>Ponad<\/h2>\n<p>[\/vc_column_text]<div class=\"q_counter_holder  left\" style=\"\"><span class=\"counter  random\" style=\"color: #000000;font-size: 140px;font-weight: 900;\">5.000<\/span><\/div>[vc_column_text]<\/p>\n<h2>potencjalnych pracownik\u00f3w<\/h2>\n<p>[\/vc_column_text][\/qode_elements_holder_item][\/qode_elements_holder][\/vc_column][\/vc_row][vc_row row_type=&#8221;row&#8221; use_row_as_full_screen_section=&#8221;no&#8221; type=&#8221;grid&#8221; text_align=&#8221;left&#8221; background_animation=&#8221;none&#8221; css_animation=&#8221;&#8221; css=&#8221;.vc_custom_1535092093201{padding-bottom: 4% !important;}&#8221;][vc_column width=&#8221;1\/2&#8243;][qode_elements_holder number_of_columns=&#8221;one_column&#8221;][qode_elements_holder_item item_padding=&#8221;20% 12% 0% 0%&#8221; item_padding_600_768=&#8221;20% 12% 20% 0%&#8221; item_padding_480_600=&#8221;20% 12% 20% 0%&#8221; item_padding_480=&#8221;20% 12% 20% 0%&#8221;][vc_column_text]<\/p>\n<h2 style=\"text-align: right;\">Jeste\u015b pracodawc\u0105?<\/h2>\n<p>[\/vc_column_text][vc_empty_space height=&#8221;35px&#8221;][vc_single_image image=&#8221;21520&#8243; img_size=&#8221;full&#8221; alignment=&#8221;right&#8221; qode_css_animation=&#8221;&#8221; el_class=&#8221;pulsate-bck&#8221;][\/qode_elements_holder_item][\/qode_elements_holder][\/vc_column][vc_column css_animation=&#8221;zoomInRight&#8221; width=&#8221;1\/2&#8243;][qode_elements_holder number_of_columns=&#8221;one_column&#8221;][qode_elements_holder_item item_padding=&#8221;0% 12% 0% 0%&#8221; item_padding_600_768=&#8221;0% 0% 20% 0%&#8221; item_padding_480_600=&#8221;0% 0% 20% 0%&#8221; item_padding_480=&#8221;0% 0% 20% 0%&#8221;][vc_single_image image=&#8221;21519&#8243; img_size=&#8221;full&#8221; qode_css_animation=&#8221;element_from_fade&#8221;][vc_empty_space height=&#8221;35px&#8221;][vc_column_text]Szukasz nowych cz\u0142onk\u00f3w do swojego zespo\u0142u? Pracownik\u00f3w, kt\u00f3rzy w kr\u00f3tkim czasie przyczyni\u0105 si\u0119 do osi\u0105gni\u0119cia zamierzonych cel\u00f3w i kt\u00f3rzy aktywnie b\u0119d\u0105 kszta\u0142towa\u0107 przysz\u0142o\u015b\u0107 firmy? A mo\u017ce jeste\u015b pracownikiem i szukasz pracy, w kt\u00f3rej mo\u017cesz aktywnie uczestniczy\u0107 i rozwija\u0107 swoj\u0105 karier\u0119? W takiej sytuacji powinni\u015bmy ze sob\u0105 porozmawia\u0107.[\/vc_column_text][\/qode_elements_holder_item][\/qode_elements_holder][\/vc_column][\/vc_row][vc_row row_type=&#8221;row&#8221; use_row_as_full_screen_section=&#8221;no&#8221; type=&#8221;grid&#8221; text_align=&#8221;left&#8221; background_animation=&#8221;none&#8221; css_animation=&#8221;&#8221; css=&#8221;.vc_custom_1535093922072{padding-top: 5% !important;padding-bottom: 5% !important;background-color: #ebeaea !important;}&#8221;][vc_column css_animation=&#8221;zoomIn&#8221; width=&#8221;1\/2&#8243;][qode_elements_holder number_of_columns=&#8221;one_column&#8221;][qode_elements_holder_item item_padding=&#8221;0% 12% 0% 0%&#8221; item_padding_600_768=&#8221;0% 0% 20% 0%&#8221; item_padding_480_600=&#8221;0% 0% 20% 0%&#8221; item_padding_480=&#8221;0% 0% 20% 0%&#8221;][vc_single_image image=&#8221;21521&#8243; img_size=&#8221;full&#8221; qode_css_animation=&#8221;element_from_fade&#8221;][vc_empty_space height=&#8221;35px&#8221;][vc_column_text]<\/p>\n<h3>Dostarczamy<br \/>\nTwojej firmie odpowiednich<br \/>\npracownik\u00f3w, gdy:<\/h3>\n<p>[\/vc_column_text][vc_empty_space height=&#8221;70px&#8221;][vc_column_text el_class=&#8221;lista-01&#8243;]<\/p>\n<ul>\n<li>masz braki kadrowe<\/li>\n<li>potrzebujesz zast\u0119pstwa na czas urlopu i zwolnienia chorobowego<\/li>\n<li>potrzebujesz wsparcia podczas zwi\u0119kszonej liczby zam\u00f3wie\u0144<\/li>\n<li>musisz obsadzi\u0107 d\u0142ugoterminowe zlecenia<\/li>\n<\/ul>\n<p>[\/vc_column_text][\/qode_elements_holder_item][\/qode_elements_holder][\/vc_column][vc_column css_animation=&#8221;rotateInUpRight&#8221; width=&#8221;1\/2&#8243; el_class=&#8221;box-12&#8243; css=&#8221;.vc_custom_1535096822496{padding-top: 4% !important;}&#8221;][qode_elements_holder background_color=&#8221;#ffffff&#8221; number_of_columns=&#8221;one_column&#8221;][qode_elements_holder_item item_padding=&#8221;7% 15% 7% 15%&#8221;][vc_column_text]<\/p>\n<h2>Ponad<\/h2>\n<p>[\/vc_column_text]<div class=\"q_counter_holder  left\" style=\"\"><span class=\"counter  random\" style=\"color: #000000;font-size: 140px;font-weight: 900;\">100<\/span><\/div>[vc_column_text]<\/p>\n<h2>ofert pracy<\/h2>\n<p>[\/vc_column_text][vc_column_text el_class=&#8221;przycisk-02&#8243;]<\/p>\n<p style=\"text-align: center;\"><a href=\".\/fuer-bewerber\/#kontakt\">Skontaktuj si\u0119<br \/>\nz nami teraz!<\/a><\/p>\n<p>[\/vc_column_text][\/qode_elements_holder_item][\/qode_elements_holder][\/vc_column][\/vc_row][vc_row row_type=&#8221;row&#8221; use_row_as_full_screen_section=&#8221;no&#8221; type=&#8221;grid&#8221; text_align=&#8221;left&#8221; background_animation=&#8221;none&#8221; css_animation=&#8221;&#8221; css=&#8221;.vc_custom_1535708274854{padding-top: 4% !important;padding-bottom: 4% !important;background-color: #2b7ebf !important;}&#8221;][vc_column width=&#8221;1\/2&#8243;][vc_single_image image=&#8221;21522&#8243; img_size=&#8221;full&#8221; qode_css_animation=&#8221;&#8221; el_class=&#8221;logo-biale-01&#8243;][vc_single_image image=&#8221;21860&#8243; img_size=&#8221;full&#8221; alignment=&#8221;center&#8221; qode_css_animation=&#8221;&#8221;][vc_single_image image=&#8221;21868&#8243; img_size=&#8221;full&#8221; alignment=&#8221;center&#8221; qode_css_animation=&#8221;&#8221; el_class=&#8221;pulsate-bck3a&#8221;][\/vc_column][vc_column css_animation=&#8221;zoomIn&#8221; width=&#8221;1\/2&#8243;][qode_elements_holder number_of_columns=&#8221;one_column&#8221;][qode_elements_holder_item item_padding=&#8221;20% 0% 0% 0%&#8221;][\/qode_elements_holder_item][\/qode_elements_holder][vc_column_text el_class=&#8221;biale&#8221;]<\/p>\n<h3>Dzia\u0142amy na terenie<\/h3>\n<h3>ca\u0142ych Niemiec.<\/h3>\n<p>[\/vc_column_text][vc_row_inner row_type=&#8221;row&#8221; type=&#8221;full_width&#8221; use_row_as_full_screen_section_slide=&#8221;no&#8221; text_align=&#8221;left&#8221; css_animation=&#8221;&#8221;][vc_column_inner width=&#8221;1\/2&#8243;][qode_elements_holder number_of_columns=&#8221;one_column&#8221;][qode_elements_holder_item item_padding=&#8221;15% 0 0 0&#8243;][vc_column_text el_class=&#8221;bialy&#8221;]<strong><span class=\"simply\">Simply Job GmbH<\/span><\/strong><\/p>\n<p>&nbsp;<\/p>\n<p>Stethaimerstrasse 32-34<br \/>\n84034 Landshut<br \/>\nT +49 (0) 871 205 40 46-0<br \/>\nF +49 (0) 871 205 40 46-9<br \/>\nM <a href=\"mailto:landshut@simply-job.de\">landshut@simply-job.de<\/a>[\/vc_column_text][\/qode_elements_holder_item][\/qode_elements_holder][\/vc_column_inner][vc_column_inner width=&#8221;1\/2&#8243;][\/vc_column_inner][\/vc_row_inner][\/vc_column][vc_column][vc_single_image image=&#8221;21643&#8243; img_size=&#8221;full&#8221; qode_css_animation=&#8221;&#8221; el_class=&#8221;bottom-img&#8221;][\/vc_column][\/vc_row]<\/p>\n<\/div>","protected":false},"excerpt":{"rendered":"<p>[vc_row row_type=&#8221;row&#8221; use_row_as_full_screen_section=&#8221;no&#8221; type=&#8221;full_width&#8221; text_align=&#8221;left&#8221; background_animation=&#8221;none&#8221; css_animation=&#8221;&#8221;][vc_column][rev_slider_vc alias=&#8221;home-pl&#8221;][\/vc_column][\/vc_row][vc_row row_type=&#8221;row&#8221; use_row_as_full_screen_section=&#8221;no&#8221; type=&#8221;grid&#8221; text_align=&#8221;left&#8221; background_animation=&#8221;none&#8221; css_animation=&#8221;&#8221; css=&#8221;.vc_custom_1535090997566{padding-bottom: 4% !important;}&#8221;][vc_column css_animation=&#8221;slideInLeft&#8221; width=&#8221;1\/2&#8243; el_class=&#8221;sectoin-01&#8243;][qode_elements_holder number_of_columns=&#8221;one_column&#8221;][qode_elements_holder_item item_padding=&#8221;0% 20% 0% 0%&#8221; item_padding_600_768=&#8221;0 0 0 0&#8243; item_padding_480_600=&#8221;0 0 0 0&#8243; item_padding_480=&#8221;0 0 0 0&#8243;][vc_single_image image=&#8221;21518&#8243; img_size=&#8221;full&#8221; qode_css_animation=&#8221;&#8221;][vc_empty_space height=&#8221;35px&#8221;][vc_column_text] Pracownicy s\u0105 najwa\u017cniejszym zasobem&#8230;<\/p>\n","protected":false},"author":2,"featured_media":0,"parent":0,"menu_order":0,"comment_status":"open","ping_status":"closed","template":"full_width.php","meta":{"footnotes":""},"class_list":["post-22006","page","type-page","status-publish","hentry"],"_links":{"self":[{"href":"https:\/\/simply-job.de\/pl\/wp-json\/wp\/v2\/pages\/22006","targetHints":{"allow":["GET"]}}],"collection":[{"href":"https:\/\/simply-job.de\/pl\/wp-json\/wp\/v2\/pages"}],"about":[{"href":"https:\/\/simply-job.de\/pl\/wp-json\/wp\/v2\/types\/page"}],"author":[{"embeddable":true,"href":"https:\/\/simply-job.de\/pl\/wp-json\/wp\/v2\/users\/2"}],"replies":[{"embeddable":true,"href":"https:\/\/simply-job.de\/pl\/wp-json\/wp\/v2\/comments?post=22006"}],"version-history":[{"count":0,"href":"https:\/\/simply-job.de\/pl\/wp-json\/wp\/v2\/pages\/22006\/revisions"}],"wp:attachment":[{"href":"https:\/\/simply-job.de\/pl\/wp-json\/wp\/v2\/media?parent=22006"}],"curies":[{"name":"wp","href":"https:\/\/api.w.org\/{rel}","templated":true}]}}