{"id":22432,"date":"2020-09-23T10:13:50","date_gmt":"2020-09-23T08:13:50","guid":{"rendered":"https:\/\/simply-job.de\/?page_id=22432"},"modified":"2025-03-27T10:34:15","modified_gmt":"2025-03-27T09:34:15","slug":"imprint","status":"publish","type":"page","link":"https:\/\/simply-job.de\/en\/imprint\/","title":{"rendered":"Imprint"},"content":{"rendered":"<div class=\"wpb-content-wrapper\"><p>[vc_row row_type=&#8221;row&#8221; use_row_as_full_screen_section=&#8221;no&#8221; type=&#8221;full_width&#8221; text_align=&#8221;left&#8221; background_animation=&#8221;none&#8221; css_animation=&#8221;&#8221; css=&#8221;.vc_custom_1536323923739{padding-top: 4% !important;}&#8221;][vc_column][vc_column_text]<\/p>\n<p style=\"text-align: center;\"><strong>IMPRESSUM<\/strong><\/p>\n<p>[\/vc_column_text][\/vc_column][\/vc_row][vc_row row_type=&#8221;row&#8221; use_row_as_full_screen_section=&#8221;no&#8221; type=&#8221;grid&#8221; text_align=&#8221;left&#8221; background_animation=&#8221;none&#8221; css_animation=&#8221;&#8221;][vc_column][vc_column_text css=&#8221;.vc_custom_1743068024710{padding-top: 5% !important;padding-bottom: 5% !important;}&#8221; el_class=&#8221;sm-txt&#8221;]<strong>Verantwortlicher Herausgeber:<\/strong><\/p>\n<p>&nbsp;<\/p>\n<p>Simply Job GmbH<br \/>\nK\u00fcppersteger Stra\u1e9ee 15-17<br \/>\n51373 Leverkusen<\/p>\n<p>&nbsp;<\/p>\n<p>T +49 (0) 214 3135310 \u2013 0<\/p>\n<p>&nbsp;<\/p>\n<p><a href=\"mailto:info@simply-job.de\">info@simply-job.de<\/a><br \/>\n<a href=\"http:\/\/www.simply-job.de\">www.simply-job.de<\/a><\/p>\n<p>&nbsp;<\/p>\n<p>Vertretungsberechtigter Gesch\u00e4ftsf\u00fchrer: Jacek Zdera<br \/>\nRegistergericht: Amtsgericht K\u00f6ln<br \/>\nRegisternummer: HRB 121660<br \/>\nUmsatzsteuernummer gem\u00e4\u00df Umsatzsteuergesetz: DE 815744191<\/p>\n<p>&nbsp;<\/p>\n<p><strong>Zust\u00e4ndige Aufsichtsbeh\u00f6rde:<\/strong><\/p>\n<p>&nbsp;<\/p>\n<p>Agentur f\u00fcr Arbeit D\u00fcsseldorf<br \/>\nGrafenberger Allee 295<br \/>\n0237 D\u00fcsseldorf<br \/>\nT: +49 (0) 211 692 4500<br \/>\nF: +49 (0) 211 692 4501<br \/>\nzentrale (@) arbeitsagentur.de<br \/>\nwww.arbeitsagentur.de<\/p>\n<p>&nbsp;<\/p>\n<p>Bildnachweis und Bildquellen<\/p>\n<p>Depositphotos &gt; www.depositphotos.com<\/p>\n<p>&nbsp;<\/p>\n<p>Simply Job GmbH bem\u00fcht sich im Rahmen des Zumutbaren, auf dieser Website richtige und vollst\u00e4ndige Informationen zur Verf\u00fcgung zu stellen. Trotz sorgf\u00e4ltiger inhaltlicher Kontrolle \u00fcbernehmen wir keine Haftung f\u00fcr die Inhalte externer Links. F\u00fcr den Inhalt der verlinkten Seiten sind ausschlie\u00dflich deren Betreiber verantwortlich. Simply Job GmbH beh\u00e4lt sich das Recht vor, ohne vorherige Ank\u00fcndigung, \u00c4nderungen oder Erg\u00e4nzungen der bereitgestellten Informationen vorzunehmen.<\/p>\n<p>&nbsp;<\/p>\n<p>Der Inhalt dieser Website ist urheberrechtlich gesch\u00fctzt. Aus Gr\u00fcnden des Urheberrechts ist die Speicherung und Vervielf\u00e4ltigung von Texten, Bildmaterial oder Grafiken aus dieser Website nicht gestattet. Simply Job GmbH haftet nicht f\u00fcr direkte oder indirekte Sch\u00e4den, einschlie\u00dflich entgangenen Gewinns, die aufgrund von oder sonst wie in Verbindung mit Informationen entstehen, die auf dieser Website bereitgehalten werden.<\/p>\n<p>&nbsp;<\/p>\n<p>\u00a9 Simply Job GmbH, Landshut 2020[\/vc_column_text][\/vc_column][\/vc_row]<\/p>\n<\/div>","protected":false},"excerpt":{"rendered":"<p>[vc_row row_type=&#8221;row&#8221; use_row_as_full_screen_section=&#8221;no&#8221; type=&#8221;full_width&#8221; text_align=&#8221;left&#8221; background_animation=&#8221;none&#8221; css_animation=&#8221;&#8221; css=&#8221;.vc_custom_1536323923739{padding-top: 4% !important;}&#8221;][vc_column][vc_column_text] IMPRESSUM [\/vc_column_text][\/vc_column][\/vc_row][vc_row row_type=&#8221;row&#8221; use_row_as_full_screen_section=&#8221;no&#8221; type=&#8221;grid&#8221; text_align=&#8221;left&#8221; background_animation=&#8221;none&#8221; css_animation=&#8221;&#8221;][vc_column][vc_column_text css=&#8221;.vc_custom_1743068024710{padding-top: 5% !important;padding-bottom: 5% !important;}&#8221; el_class=&#8221;sm-txt&#8221;]Verantwortlicher Herausgeber: &nbsp; Simply Job GmbH K\u00fcppersteger Stra\u1e9ee 15-17 51373 Leverkusen &nbsp; T +49 (0) 214 3135310 \u2013 0 &nbsp; info@simply-job.de www.simply-job.de&#8230;<\/p>\n","protected":false},"author":2,"featured_media":0,"parent":0,"menu_order":0,"comment_status":"closed","ping_status":"closed","template":"","meta":{"footnotes":""},"class_list":["post-22432","page","type-page","status-publish","hentry"],"_links":{"self":[{"href":"https:\/\/simply-job.de\/en\/wp-json\/wp\/v2\/pages\/22432","targetHints":{"allow":["GET"]}}],"collection":[{"href":"https:\/\/simply-job.de\/en\/wp-json\/wp\/v2\/pages"}],"about":[{"href":"https:\/\/simply-job.de\/en\/wp-json\/wp\/v2\/types\/page"}],"author":[{"embeddable":true,"href":"https:\/\/simply-job.de\/en\/wp-json\/wp\/v2\/users\/2"}],"replies":[{"embeddable":true,"href":"https:\/\/simply-job.de\/en\/wp-json\/wp\/v2\/comments?post=22432"}],"version-history":[{"count":4,"href":"https:\/\/simply-job.de\/en\/wp-json\/wp\/v2\/pages\/22432\/revisions"}],"predecessor-version":[{"id":22537,"href":"https:\/\/simply-job.de\/en\/wp-json\/wp\/v2\/pages\/22432\/revisions\/22537"}],"wp:attachment":[{"href":"https:\/\/simply-job.de\/en\/wp-json\/wp\/v2\/media?parent=22432"}],"curies":[{"name":"wp","href":"https:\/\/api.w.org\/{rel}","templated":true}]}}